{"id":16,"date":"2020-09-21T06:41:28","date_gmt":"2020-09-21T06:41:28","guid":{"rendered":"https:\/\/turan-ccs.at\/?page_id=16"},"modified":"2020-09-21T08:23:27","modified_gmt":"2020-09-21T08:23:27","slug":"impressum-datenschutz","status":"publish","type":"page","link":"https:\/\/turan-ccs.at\/?page_id=16","title":{"rendered":"Impressum &#038; Datenschutz"},"content":{"rendered":"\n<h1 class=\"wp-block-heading\">Datenschutzerkl\u00e4rung<\/h1>\n\n\n\n<p>Der Schutz Ihrer pers\u00f6nlichen Daten ist uns ein besonderes Anliegen. Wir verarbeiten Ihre Daten daher ausschlie\u00dflich auf Grundlage der gesetzlichen Bestimmungen (DSGVO, TKG 2003). In diesen Datenschutzinformationen informieren wir Sie \u00fcber die wichtigsten Aspekte der Datenverarbeitung im Rahmen unserer Website.<\/p>\n\n\n\n<h2 class=\"wp-block-heading\">Serverlogs<\/h2>\n\n\n\n<p>Die IP-Adresse des anfragenden Computers, gemeinsam mit dem Datum, der Uhrzeit, der Anfrage, welche Datei angefragt wird (Name und URL), welche Datenmenge an Sie \u00fcbertragen wird, eine Meldung, ob die Anfrage erfolgreich war, Erkennungsdaten des verwendeten Browsers und des verwendeten Betriebssystems, sowie die Website, von der der Zugriff erfolgte (sollte der Zugriff \u00fcber einen Link erfolgen). Die Serverlogs werden gespeichert, um die Systemsicherheit pr\u00fcfen zu k\u00f6nnen, die Websites technisch administrieren, sowie das Angebot optimieren zu k\u00f6nnen. Diese Daten werden \u2013 sollte es einen Hackangriff gegeben haben \u2013 an die Strafverfolgungsbeh\u00f6rden weitergeben. Eine dar\u00fcberhinausgehende Weitergabe an Dritte erfolgt nicht. Die Serverlogs werden f\u00fcr maximal 90 Tage gespeichert.<\/p>\n\n\n\n<h2 class=\"wp-block-heading\">Ihre Rechte<\/h2>\n\n\n\n<p>Wir m\u00f6chten Sie au\u00dferdem noch auf nachstehende Rechte hinweisen, die Ihnen als Betroffenem nach dem DSGVO bez\u00fcglich Ihrer personenbezogenen Daten zustehen:<\/p>\n\n\n\n<p>Es sind dies die Rechte auf Auskunft, Berichtigung, L\u00f6schung, Einschr\u00e4nkung, Daten\u00fcbertragbarkeit, Widerruf und Widerspruch. Wenn Sie glauben, dass die Verarbeitung Ihrer Daten gegen das Datenschutzrecht verst\u00f6\u00dft oder Ihre datenschutzrechtlichen Anspr\u00fcche sonst in einer Weise verletzt worden sind, wenden Sie sich bitte an uns (<a href=\"javascript:linkTo_UnCryptMailto(%27pdlowr-yhujdehnrpshwhqcfhqwhuCeej1jy1dw%27);\">office@turan-ccs.at<\/a>). Sie k\u00f6nnen sich jedoch auch&nbsp;bei der Aufsichtsbeh\u00f6rde beschweren. In \u00d6sterreich ist dies die Datenschutzbeh\u00f6rde.<br><br>Unser Datenschutzbeauftragter ist Turan Shaziman.<\/p>\n\n\n\n<p><\/p>\n","protected":false},"excerpt":{"rendered":"<p>Datenschutzerkl\u00e4rung Der Schutz Ihrer pers\u00f6nlichen Daten ist uns ein besonderes Anliegen. Wir verarbeiten Ihre Daten daher ausschlie\u00dflich auf Grundlage der gesetzlichen Bestimmungen (DSGVO, TKG 2003). In diesen Datenschutzinformationen informieren wir Sie \u00fcber die wichtigsten Aspekte der Datenverarbeitung im Rahmen unserer Website. Serverlogs Die IP-Adresse des anfragenden Computers, gemeinsam mit dem Datum, der Uhrzeit, der Anfrage, [&hellip;]<\/p>\n","protected":false},"author":1,"featured_media":0,"parent":0,"menu_order":0,"comment_status":"closed","ping_status":"closed","template":"","meta":{"footnotes":""},"class_list":["post-16","page","type-page","status-publish","hentry"],"yoast_head":"<!-- This site is optimized with the Yoast SEO plugin v24.9 - https:\/\/yoast.com\/wordpress\/plugins\/seo\/ -->\n<title>Impressum &amp; Datenschutz - Turan Car-Cleaning Service<\/title>\n<meta name=\"robots\" content=\"index, follow, max-snippet:-1, max-image-preview:large, max-video-preview:-1\" \/>\n<link rel=\"canonical\" href=\"https:\/\/turan-ccs.at\/?page_id=16\" \/>\n<meta property=\"og:locale\" content=\"de_DE\" \/>\n<meta property=\"og:type\" content=\"article\" \/>\n<meta property=\"og:title\" content=\"Impressum &amp; Datenschutz - Turan Car-Cleaning Service\" \/>\n<meta property=\"og:description\" content=\"Datenschutzerkl\u00e4rung Der Schutz Ihrer pers\u00f6nlichen Daten ist uns ein besonderes Anliegen. Wir verarbeiten Ihre Daten daher ausschlie\u00dflich auf Grundlage der gesetzlichen Bestimmungen (DSGVO, TKG 2003). In diesen Datenschutzinformationen informieren wir Sie \u00fcber die wichtigsten Aspekte der Datenverarbeitung im Rahmen unserer Website. Serverlogs Die IP-Adresse des anfragenden Computers, gemeinsam mit dem Datum, der Uhrzeit, der Anfrage, [&hellip;]\" \/>\n<meta property=\"og:url\" content=\"https:\/\/turan-ccs.at\/?page_id=16\" \/>\n<meta property=\"og:site_name\" content=\"Turan Car-Cleaning Service\" \/>\n<meta property=\"article:modified_time\" content=\"2020-09-21T08:23:27+00:00\" \/>\n<meta name=\"twitter:card\" content=\"summary_large_image\" \/>\n<meta name=\"twitter:label1\" content=\"Gesch\u00e4tzte Lesezeit\" \/>\n\t<meta name=\"twitter:data1\" content=\"1 Minute\" \/>\n<script type=\"application\/ld+json\" class=\"yoast-schema-graph\">{\"@context\":\"https:\/\/schema.org\",\"@graph\":[{\"@type\":\"WebPage\",\"@id\":\"https:\/\/turan-ccs.at\/?page_id=16\",\"url\":\"https:\/\/turan-ccs.at\/?page_id=16\",\"name\":\"Impressum & Datenschutz - Turan Car-Cleaning Service\",\"isPartOf\":{\"@id\":\"https:\/\/turan-ccs.at\/#website\"},\"datePublished\":\"2020-09-21T06:41:28+00:00\",\"dateModified\":\"2020-09-21T08:23:27+00:00\",\"breadcrumb\":{\"@id\":\"https:\/\/turan-ccs.at\/?page_id=16#breadcrumb\"},\"inLanguage\":\"de-AT\",\"potentialAction\":[{\"@type\":\"ReadAction\",\"target\":[\"https:\/\/turan-ccs.at\/?page_id=16\"]}]},{\"@type\":\"BreadcrumbList\",\"@id\":\"https:\/\/turan-ccs.at\/?page_id=16#breadcrumb\",\"itemListElement\":[{\"@type\":\"ListItem\",\"position\":1,\"name\":\"Home\",\"item\":\"https:\/\/turan-ccs.at\/\"},{\"@type\":\"ListItem\",\"position\":2,\"name\":\"Impressum &#038; Datenschutz\"}]},{\"@type\":\"WebSite\",\"@id\":\"https:\/\/turan-ccs.at\/#website\",\"url\":\"https:\/\/turan-ccs.at\/\",\"name\":\"Turan Car-Cleaning Service\",\"description\":\"\",\"publisher\":{\"@id\":\"https:\/\/turan-ccs.at\/#organization\"},\"potentialAction\":[{\"@type\":\"SearchAction\",\"target\":{\"@type\":\"EntryPoint\",\"urlTemplate\":\"https:\/\/turan-ccs.at\/?s={search_term_string}\"},\"query-input\":{\"@type\":\"PropertyValueSpecification\",\"valueRequired\":true,\"valueName\":\"search_term_string\"}}],\"inLanguage\":\"de-AT\"},{\"@type\":\"Organization\",\"@id\":\"https:\/\/turan-ccs.at\/#organization\",\"name\":\"Turan Car-Cleaning Service\",\"url\":\"https:\/\/turan-ccs.at\/\",\"logo\":{\"@type\":\"ImageObject\",\"inLanguage\":\"de-AT\",\"@id\":\"https:\/\/turan-ccs.at\/#\/schema\/logo\/image\/\",\"url\":\"https:\/\/turan-ccs.at\/wp-content\/uploads\/2020\/09\/headerlogo.png\",\"contentUrl\":\"https:\/\/turan-ccs.at\/wp-content\/uploads\/2020\/09\/headerlogo.png\",\"width\":389,\"height\":195,\"caption\":\"Turan Car-Cleaning Service\"},\"image\":{\"@id\":\"https:\/\/turan-ccs.at\/#\/schema\/logo\/image\/\"}}]}<\/script>\n<!-- \/ Yoast SEO plugin. -->","yoast_head_json":{"title":"Impressum & Datenschutz - Turan Car-Cleaning Service","robots":{"index":"index","follow":"follow","max-snippet":"max-snippet:-1","max-image-preview":"max-image-preview:large","max-video-preview":"max-video-preview:-1"},"canonical":"https:\/\/turan-ccs.at\/?page_id=16","og_locale":"de_DE","og_type":"article","og_title":"Impressum & Datenschutz - Turan Car-Cleaning Service","og_description":"Datenschutzerkl\u00e4rung Der Schutz Ihrer pers\u00f6nlichen Daten ist uns ein besonderes Anliegen. Wir verarbeiten Ihre Daten daher ausschlie\u00dflich auf Grundlage der gesetzlichen Bestimmungen (DSGVO, TKG 2003). In diesen Datenschutzinformationen informieren wir Sie \u00fcber die wichtigsten Aspekte der Datenverarbeitung im Rahmen unserer Website. Serverlogs Die IP-Adresse des anfragenden Computers, gemeinsam mit dem Datum, der Uhrzeit, der Anfrage, [&hellip;]","og_url":"https:\/\/turan-ccs.at\/?page_id=16","og_site_name":"Turan Car-Cleaning Service","article_modified_time":"2020-09-21T08:23:27+00:00","twitter_card":"summary_large_image","twitter_misc":{"Gesch\u00e4tzte Lesezeit":"1 Minute"},"schema":{"@context":"https:\/\/schema.org","@graph":[{"@type":"WebPage","@id":"https:\/\/turan-ccs.at\/?page_id=16","url":"https:\/\/turan-ccs.at\/?page_id=16","name":"Impressum & Datenschutz - Turan Car-Cleaning Service","isPartOf":{"@id":"https:\/\/turan-ccs.at\/#website"},"datePublished":"2020-09-21T06:41:28+00:00","dateModified":"2020-09-21T08:23:27+00:00","breadcrumb":{"@id":"https:\/\/turan-ccs.at\/?page_id=16#breadcrumb"},"inLanguage":"de-AT","potentialAction":[{"@type":"ReadAction","target":["https:\/\/turan-ccs.at\/?page_id=16"]}]},{"@type":"BreadcrumbList","@id":"https:\/\/turan-ccs.at\/?page_id=16#breadcrumb","itemListElement":[{"@type":"ListItem","position":1,"name":"Home","item":"https:\/\/turan-ccs.at\/"},{"@type":"ListItem","position":2,"name":"Impressum &#038; Datenschutz"}]},{"@type":"WebSite","@id":"https:\/\/turan-ccs.at\/#website","url":"https:\/\/turan-ccs.at\/","name":"Turan Car-Cleaning Service","description":"","publisher":{"@id":"https:\/\/turan-ccs.at\/#organization"},"potentialAction":[{"@type":"SearchAction","target":{"@type":"EntryPoint","urlTemplate":"https:\/\/turan-ccs.at\/?s={search_term_string}"},"query-input":{"@type":"PropertyValueSpecification","valueRequired":true,"valueName":"search_term_string"}}],"inLanguage":"de-AT"},{"@type":"Organization","@id":"https:\/\/turan-ccs.at\/#organization","name":"Turan Car-Cleaning Service","url":"https:\/\/turan-ccs.at\/","logo":{"@type":"ImageObject","inLanguage":"de-AT","@id":"https:\/\/turan-ccs.at\/#\/schema\/logo\/image\/","url":"https:\/\/turan-ccs.at\/wp-content\/uploads\/2020\/09\/headerlogo.png","contentUrl":"https:\/\/turan-ccs.at\/wp-content\/uploads\/2020\/09\/headerlogo.png","width":389,"height":195,"caption":"Turan Car-Cleaning Service"},"image":{"@id":"https:\/\/turan-ccs.at\/#\/schema\/logo\/image\/"}}]}},"_links":{"self":[{"href":"https:\/\/turan-ccs.at\/index.php?rest_route=\/wp\/v2\/pages\/16","targetHints":{"allow":["GET"]}}],"collection":[{"href":"https:\/\/turan-ccs.at\/index.php?rest_route=\/wp\/v2\/pages"}],"about":[{"href":"https:\/\/turan-ccs.at\/index.php?rest_route=\/wp\/v2\/types\/page"}],"author":[{"embeddable":true,"href":"https:\/\/turan-ccs.at\/index.php?rest_route=\/wp\/v2\/users\/1"}],"replies":[{"embeddable":true,"href":"https:\/\/turan-ccs.at\/index.php?rest_route=%2Fwp%2Fv2%2Fcomments&post=16"}],"version-history":[{"count":3,"href":"https:\/\/turan-ccs.at\/index.php?rest_route=\/wp\/v2\/pages\/16\/revisions"}],"predecessor-version":[{"id":42,"href":"https:\/\/turan-ccs.at\/index.php?rest_route=\/wp\/v2\/pages\/16\/revisions\/42"}],"wp:attachment":[{"href":"https:\/\/turan-ccs.at\/index.php?rest_route=%2Fwp%2Fv2%2Fmedia&parent=16"}],"curies":[{"name":"wp","href":"https:\/\/api.w.org\/{rel}","templated":true}]}}